{"id":7102,"date":"2024-08-06T18:27:20","date_gmt":"2024-08-06T16:27:20","guid":{"rendered":"https:\/\/www.albergovillacristina.com\/home\/"},"modified":"2025-10-24T17:08:58","modified_gmt":"2025-10-24T15:08:58","slug":"home","status":"publish","type":"page","link":"https:\/\/www.albergovillacristina.com\/de\/","title":{"rendered":"Home"},"content":{"rendered":"\t\t<div data-elementor-type=\"wp-post\" data-elementor-id=\"7102\" class=\"elementor elementor-7102 elementor-7\" data-elementor-post-type=\"page\">\n\t\t\t\t<div class=\"elementor-element elementor-element-84735a4 e-con-full e-flex e-con e-parent\" data-id=\"84735a4\" data-element_type=\"container\" data-settings=\"{&quot;background_background&quot;:&quot;video&quot;,&quot;background_video_link&quot;:&quot;https:\\\/\\\/vimeo.com\\\/995711364?share=copy&quot;,&quot;background_play_on_mobile&quot;:&quot;yes&quot;,&quot;background_video_start&quot;:1}\">\n\t\t<div class=\"elementor-background-video-container\">\n\t\t\t\t\t\t\t<div class=\"elementor-background-video-embed\"><\/div>\n\t\t\t\t\t\t<\/div>\t\t<\/div>\n\t\t<div class=\"elementor-element elementor-element-6e90199 e-flex e-con-boxed e-con e-parent\" data-id=\"6e90199\" data-element_type=\"container\">\n\t\t\t\t\t<div class=\"e-con-inner\">\n\t\t\t\t<div class=\"elementor-element elementor-element-9675372 elementor-widget elementor-widget-heading\" data-id=\"9675372\" data-element_type=\"widget\" data-widget_type=\"heading.default\">\n\t\t\t\t<div class=\"elementor-widget-container\">\n\t\t\t<h2 class=\"elementor-heading-title elementor-size-default\">Die zeitlose Eleganz einer historischen Landresidenz im Herzen Umbriens\n<\/h2>\t\t<\/div>\n\t\t\t\t<\/div>\n\t\t\t\t<div class=\"elementor-element elementor-element-1676dd7 elementor-widget-divider--view-line elementor-widget elementor-widget-divider\" data-id=\"1676dd7\" data-element_type=\"widget\" data-widget_type=\"divider.default\">\n\t\t\t\t<div class=\"elementor-widget-container\">\n\t\t\t\t\t<div class=\"elementor-divider\">\n\t\t\t<span class=\"elementor-divider-separator\">\n\t\t\t\t\t\t<\/span>\n\t\t<\/div>\n\t\t\t\t<\/div>\n\t\t\t\t<\/div>\n\t\t\t\t<div class=\"elementor-element elementor-element-d1344e9 elementor-widget elementor-widget-heading\" data-id=\"d1344e9\" data-element_type=\"widget\" data-widget_type=\"heading.default\">\n\t\t\t\t<div class=\"elementor-widget-container\">\n\t\t\t<h2 class=\"elementor-heading-title elementor-size-default\">3-Sterne-Hotel in Spoleto<\/h2>\t\t<\/div>\n\t\t\t\t<\/div>\n\t\t\t\t<div class=\"elementor-element elementor-element-0fb7f48 elementor-widget elementor-widget-text-editor\" data-id=\"0fb7f48\" data-element_type=\"widget\" data-widget_type=\"text-editor.default\">\n\t\t\t\t<div class=\"elementor-widget-container\">\n\t\t\t\t\t\t\t<p>Wir hei\u00dfen unsere G\u00e4ste willkommen und bieten ein authentisches Erlebnis \u2013 <strong>mit dem Ziel, sich wie zu Hause zu f\u00fchlen, mitten im Herzen Umbriens.<\/strong><\/p><p>Nur einen Kilometer vom historischen Zentrum Spoletos entfernt, entstand unser Hotel aus einer Landresidenz des 18. Jahrhunderts, die vollst\u00e4ndig renoviert wurde.<\/p><p>Mit spektakul\u00e4rem Blick auf die Rocca di Spoleto, modernem Komfort und herzlicher Gastfreundschaft ist die Villa Cristina der ideale Ort, um sich zu entspannen und in die reiche Geschichte und Kultur der Region einzutauchen.<\/p><p>Unsere G\u00e4ste k\u00f6nnen sich wie zu Hause f\u00fchlen \u2013 umgeben von nat\u00fcrlicher Sch\u00f6nheit und aufmerksamen Service.<\/p>\t\t\t\t\t\t<\/div>\n\t\t\t\t<\/div>\n\t\t\t\t\t<\/div>\n\t\t\t\t<\/div>\n\t\t<div class=\"elementor-element elementor-element-e34d88b e-con-full e-flex e-con e-parent\" data-id=\"e34d88b\" data-element_type=\"container\" data-settings=\"{&quot;background_background&quot;:&quot;classic&quot;}\">\n\t\t<div class=\"elementor-element elementor-element-e2be28f e-con-full e-flex elementor-invisible e-con e-child\" data-id=\"e2be28f\" data-element_type=\"container\" data-settings=\"{&quot;background_background&quot;:&quot;classic&quot;,&quot;animation&quot;:&quot;fadeInLeft&quot;}\">\n\t\t\t\t<\/div>\n\t\t<div class=\"elementor-element elementor-element-d25fd1a e-con-full e-flex e-con e-child\" data-id=\"d25fd1a\" data-element_type=\"container\" data-settings=\"{&quot;background_background&quot;:&quot;video&quot;}\">\n\t\t<div class=\"elementor-element elementor-element-4ef568f e-con-full e-flex elementor-invisible e-con e-child\" data-id=\"4ef568f\" data-element_type=\"container\" data-settings=\"{&quot;background_background&quot;:&quot;classic&quot;,&quot;animation&quot;:&quot;fadeInDown&quot;}\">\n\t\t\t\t<div class=\"elementor-element elementor-element-4d7165a elementor-cta--skin-cover elementor-cta--valign-middle elementor-bg-transform elementor-bg-transform-zoom-in elementor-widget elementor-widget-call-to-action\" data-id=\"4d7165a\" data-element_type=\"widget\" data-widget_type=\"call-to-action.default\">\n\t\t\t\t<div class=\"elementor-widget-container\">\n\t\t\t\t\t<div class=\"elementor-cta\">\n\t\t\t\t\t<div class=\"elementor-cta__bg-wrapper\">\n\t\t\t\t<div class=\"elementor-cta__bg elementor-bg\" style=\"background-image: url();\" role=\"img\" aria-label=\"\"><\/div>\n\t\t\t\t<div class=\"elementor-cta__bg-overlay\"><\/div>\n\t\t\t<\/div>\n\t\t\t\t\t\t\t<div class=\"elementor-cta__content\">\n\t\t\t\t\n\t\t\t\t\t\t\t\t\t<h2 class=\"elementor-cta__title elementor-cta__content-item elementor-content-item\">\n\t\t\t\t\t\tEs gibt immer <br>einen guten Anlass,<br> bei uns zu bleiben.\t\t\t\t\t<\/h2>\n\t\t\t\t\n\t\t\t\t\n\t\t\t\t\t\t\t\t\t<div class=\"elementor-cta__button-wrapper elementor-cta__content-item elementor-content-item \">\n\t\t\t\t\t<a class=\"elementor-cta__button elementor-button elementor-size-\" href=\"\/de\/angebote\/\">\n\t\t\t\t\t\tEntdecken Sie unsere Angebote\t\t\t\t\t<\/a>\n\t\t\t\t\t<\/div>\n\t\t\t\t\t\t\t<\/div>\n\t\t\t\t\t\t<\/div>\n\t\t\t\t<\/div>\n\t\t\t\t<\/div>\n\t\t\t\t<\/div>\n\t\t<div class=\"elementor-element elementor-element-68b5d8d e-con-full e-flex elementor-invisible e-con e-child\" data-id=\"68b5d8d\" data-element_type=\"container\" data-settings=\"{&quot;background_background&quot;:&quot;classic&quot;,&quot;animation&quot;:&quot;fadeInUp&quot;}\">\n\t\t\t\t<\/div>\n\t\t\t\t<\/div>\n\t\t<div class=\"elementor-element elementor-element-a8e1f11 e-con-full elementor-hidden-tablet elementor-hidden-mobile e-flex elementor-invisible e-con e-child\" data-id=\"a8e1f11\" data-element_type=\"container\" data-settings=\"{&quot;background_background&quot;:&quot;classic&quot;,&quot;animation&quot;:&quot;fadeInLeft&quot;}\">\n\t\t\t\t<\/div>\n\t\t\t\t<\/div>\n\t\t<div class=\"elementor-element elementor-element-98db58e e-con-full e-flex e-con e-parent\" data-id=\"98db58e\" data-element_type=\"container\" data-settings=\"{&quot;background_background&quot;:&quot;classic&quot;}\">\n\t\t<div class=\"elementor-element elementor-element-afddc84 e-con-full e-flex e-con e-child\" data-id=\"afddc84\" data-element_type=\"container\" data-settings=\"{&quot;background_background&quot;:&quot;classic&quot;}\">\n\t\t<div class=\"elementor-element elementor-element-4a1b47e e-con-full e-flex elementor-invisible e-con e-child\" data-id=\"4a1b47e\" data-element_type=\"container\" data-settings=\"{&quot;background_background&quot;:&quot;classic&quot;,&quot;animation&quot;:&quot;fadeInDown&quot;}\">\n\t\t\t\t<div class=\"elementor-element elementor-element-dd5a05f elementor-cta--skin-cover elementor-cta--valign-middle elementor-bg-transform elementor-bg-transform-zoom-in elementor-widget elementor-widget-call-to-action\" data-id=\"dd5a05f\" data-element_type=\"widget\" data-widget_type=\"call-to-action.default\">\n\t\t\t\t<div class=\"elementor-widget-container\">\n\t\t\t\t\t<div class=\"elementor-cta\">\n\t\t\t\t\t<div class=\"elementor-cta__bg-wrapper\">\n\t\t\t\t<div class=\"elementor-cta__bg elementor-bg\" style=\"background-image: url();\" role=\"img\" aria-label=\"\"><\/div>\n\t\t\t\t<div class=\"elementor-cta__bg-overlay\"><\/div>\n\t\t\t<\/div>\n\t\t\t\t\t\t\t<div class=\"elementor-cta__content\">\n\t\t\t\t\n\t\t\t\t\t\t\t\t\t<h2 class=\"elementor-cta__title elementor-cta__content-item elementor-content-item\">\n\t\t\t\t\t\tDas Gef\u00fchl, <br> sich wie zu Hause zu f\u00fchlen\t\t\t\t\t<\/h2>\n\t\t\t\t\n\t\t\t\t\n\t\t\t\t\t\t\t\t\t<div class=\"elementor-cta__button-wrapper elementor-cta__content-item elementor-content-item \">\n\t\t\t\t\t<a class=\"elementor-cta__button elementor-button elementor-size-\" href=\"\/de\/zimmer\/\">\n\t\t\t\t\t\tW\u00e4hlen Sie Ihr Zimmer\t\t\t\t\t<\/a>\n\t\t\t\t\t<\/div>\n\t\t\t\t\t\t\t<\/div>\n\t\t\t\t\t\t<\/div>\n\t\t\t\t<\/div>\n\t\t\t\t<\/div>\n\t\t\t\t<\/div>\n\t\t<div class=\"elementor-element elementor-element-e9d2c41 e-con-full e-flex elementor-invisible e-con e-child\" data-id=\"e9d2c41\" data-element_type=\"container\" data-settings=\"{&quot;background_background&quot;:&quot;classic&quot;,&quot;animation&quot;:&quot;fadeInUp&quot;}\">\n\t\t\t\t<\/div>\n\t\t\t\t<\/div>\n\t\t<div class=\"elementor-element elementor-element-11fbf28 e-con-full e-flex elementor-invisible e-con e-child\" data-id=\"11fbf28\" data-element_type=\"container\" data-settings=\"{&quot;background_background&quot;:&quot;classic&quot;,&quot;animation&quot;:&quot;fadeInLeft&quot;}\">\n\t\t\t\t<\/div>\n\t\t\t\t<\/div>\n\t\t<div class=\"elementor-element elementor-element-97ec86e e-con-full e-flex e-con e-parent\" data-id=\"97ec86e\" data-element_type=\"container\" data-settings=\"{&quot;background_background&quot;:&quot;classic&quot;}\">\n\t\t<div class=\"elementor-element elementor-element-6504b15 e-con-full elementor-hidden-tablet elementor-hidden-mobile e-flex elementor-invisible e-con e-child\" data-id=\"6504b15\" data-element_type=\"container\" data-settings=\"{&quot;background_background&quot;:&quot;classic&quot;,&quot;animation&quot;:&quot;fadeInLeft&quot;}\">\n\t\t\t\t<\/div>\n\t\t<div class=\"elementor-element elementor-element-b615fa6 e-con-full e-flex elementor-invisible e-con e-child\" data-id=\"b615fa6\" data-element_type=\"container\" data-settings=\"{&quot;background_background&quot;:&quot;classic&quot;,&quot;animation&quot;:&quot;fadeInLeft&quot;}\">\n\t\t\t\t<\/div>\n\t\t<div class=\"elementor-element elementor-element-06d877e e-con-full e-flex e-con e-child\" data-id=\"06d877e\" data-element_type=\"container\" data-settings=\"{&quot;background_background&quot;:&quot;classic&quot;}\">\n\t\t<div class=\"elementor-element elementor-element-b7489fa e-con-full e-flex elementor-invisible e-con e-child\" data-id=\"b7489fa\" data-element_type=\"container\" data-settings=\"{&quot;background_background&quot;:&quot;classic&quot;,&quot;animation&quot;:&quot;fadeInDown&quot;}\">\n\t\t\t\t<div class=\"elementor-element elementor-element-6317dba elementor-cta--skin-cover elementor-cta--valign-middle elementor-bg-transform elementor-bg-transform-zoom-in elementor-widget elementor-widget-call-to-action\" data-id=\"6317dba\" data-element_type=\"widget\" data-widget_type=\"call-to-action.default\">\n\t\t\t\t<div class=\"elementor-widget-container\">\n\t\t\t\t\t<div class=\"elementor-cta\">\n\t\t\t\t\t<div class=\"elementor-cta__bg-wrapper\">\n\t\t\t\t<div class=\"elementor-cta__bg elementor-bg\" style=\"background-image: url();\" role=\"img\" aria-label=\"\"><\/div>\n\t\t\t\t<div class=\"elementor-cta__bg-overlay\"><\/div>\n\t\t\t<\/div>\n\t\t\t\t\t\t\t<div class=\"elementor-cta__content\">\n\t\t\t\t\n\t\t\t\t\t\t\t\t\t<h2 class=\"elementor-cta__title elementor-cta__content-item elementor-content-item\">\n\t\t\t\t\t\tDetails, Aufmerksamkeit und kleine Gesten <br> mit Liebe zum Detail gefertigt\t\t\t\t\t<\/h2>\n\t\t\t\t\n\t\t\t\t\n\t\t\t\t\t\t\t\t\t<div class=\"elementor-cta__button-wrapper elementor-cta__content-item elementor-content-item \">\n\t\t\t\t\t<a class=\"elementor-cta__button elementor-button elementor-size-\" href=\"\/de\/die-struktur\/\">\n\t\t\t\t\t\tEntdecken Sie unsere Dienstleistungen\t\t\t\t\t<\/a>\n\t\t\t\t\t<\/div>\n\t\t\t\t\t\t\t<\/div>\n\t\t\t\t\t\t<\/div>\n\t\t\t\t<\/div>\n\t\t\t\t<\/div>\n\t\t\t\t<\/div>\n\t\t<div class=\"elementor-element elementor-element-e5cc186 e-con-full e-flex elementor-invisible e-con e-child\" data-id=\"e5cc186\" data-element_type=\"container\" data-settings=\"{&quot;background_background&quot;:&quot;classic&quot;,&quot;animation&quot;:&quot;fadeInUp&quot;}\">\n\t\t\t\t<\/div>\n\t\t\t\t<\/div>\n\t\t\t\t<\/div>\n\t\t<div class=\"elementor-element elementor-element-4f1102d e-con-full e-flex e-con e-parent\" data-id=\"4f1102d\" data-element_type=\"container\" data-settings=\"{&quot;background_background&quot;:&quot;classic&quot;}\">\n\t\t<div class=\"elementor-element elementor-element-a70c95a e-con-full e-flex e-con e-child\" data-id=\"a70c95a\" data-element_type=\"container\">\n\t\t<div class=\"elementor-element elementor-element-6581af1 e-con-full e-flex elementor-invisible e-con e-child\" data-id=\"6581af1\" data-element_type=\"container\" data-settings=\"{&quot;background_background&quot;:&quot;classic&quot;,&quot;animation&quot;:&quot;fadeInDown&quot;}\">\n\t\t\t\t<div class=\"elementor-element elementor-element-0587039 elementor-cta--skin-cover elementor-cta--valign-middle elementor-bg-transform elementor-bg-transform-zoom-in elementor-widget elementor-widget-call-to-action\" data-id=\"0587039\" data-element_type=\"widget\" data-widget_type=\"call-to-action.default\">\n\t\t\t\t<div class=\"elementor-widget-container\">\n\t\t\t\t\t<div class=\"elementor-cta\">\n\t\t\t\t\t<div class=\"elementor-cta__bg-wrapper\">\n\t\t\t\t<div class=\"elementor-cta__bg elementor-bg\" style=\"background-image: url();\" role=\"img\" aria-label=\"\"><\/div>\n\t\t\t\t<div class=\"elementor-cta__bg-overlay\"><\/div>\n\t\t\t<\/div>\n\t\t\t\t\t\t\t<div class=\"elementor-cta__content\">\n\t\t\t\t\n\t\t\t\t\t\t\t\t\t<h2 class=\"elementor-cta__title elementor-cta__content-item elementor-content-item\">\n\t\t\t\t\t\tSpoleto und mehr <br> beginnt bei uns\t\t\t\t\t<\/h2>\n\t\t\t\t\n\t\t\t\t\n\t\t\t\t\t\t\t\t\t<div class=\"elementor-cta__button-wrapper elementor-cta__content-item elementor-content-item \">\n\t\t\t\t\t<a class=\"elementor-cta__button elementor-button elementor-size-\" href=\"\/de\/um-uns-herum\">\n\t\t\t\t\t\tUmbrien erleben und entdecken\t\t\t\t\t<\/a>\n\t\t\t\t\t<\/div>\n\t\t\t\t\t\t\t<\/div>\n\t\t\t\t\t\t<\/div>\n\t\t\t\t<\/div>\n\t\t\t\t<\/div>\n\t\t\t\t<\/div>\n\t\t<div class=\"elementor-element elementor-element-c24ad4d e-con-full e-flex elementor-invisible e-con e-child\" data-id=\"c24ad4d\" data-element_type=\"container\" data-settings=\"{&quot;background_background&quot;:&quot;classic&quot;,&quot;animation&quot;:&quot;fadeInUp&quot;}\">\n\t\t\t\t<\/div>\n\t\t\t\t<\/div>\n\t\t<div class=\"elementor-element elementor-element-f332e7f e-con-full e-flex elementor-invisible e-con e-child\" data-id=\"f332e7f\" data-element_type=\"container\" data-settings=\"{&quot;background_background&quot;:&quot;classic&quot;,&quot;animation&quot;:&quot;fadeInLeft&quot;}\">\n\t\t\t\t<\/div>\n\t\t<div class=\"elementor-element elementor-element-6d43ddc e-con-full elementor-hidden-tablet elementor-hidden-mobile e-flex e-con e-child\" data-id=\"6d43ddc\" data-element_type=\"container\">\n\t\t<div class=\"elementor-element elementor-element-f154763 e-con-full e-flex elementor-invisible e-con e-child\" data-id=\"f154763\" data-element_type=\"container\" data-settings=\"{&quot;background_background&quot;:&quot;classic&quot;,&quot;animation&quot;:&quot;fadeInUp&quot;}\">\n\t\t\t\t<\/div>\n\t\t<div class=\"elementor-element elementor-element-bc74f6c e-con-full e-flex elementor-invisible e-con e-child\" data-id=\"bc74f6c\" data-element_type=\"container\" data-settings=\"{&quot;background_background&quot;:&quot;classic&quot;,&quot;animation&quot;:&quot;fadeInUp&quot;}\">\n\t\t\t\t<\/div>\n\t\t\t\t<\/div>\n\t\t\t\t<\/div>\n\t\t\t\t<\/div>\n\t\t","protected":false},"excerpt":{"rendered":"<p>Die zeitlose Eleganz einer historischen Landresidenz im Herzen Umbriens 3-Sterne-Hotel in Spoleto Wir hei\u00dfen unsere G\u00e4ste willkommen und bieten ein authentisches Erlebnis \u2013 mit dem Ziel, sich wie zu Hause zu f\u00fchlen, mitten im Herzen Umbriens. Nur einen Kilometer vom historischen Zentrum Spoletos entfernt, entstand unser Hotel aus einer Landresidenz des 18. Jahrhunderts, die vollst\u00e4ndig [&hellip;]<\/p>\n","protected":false},"author":1,"featured_media":0,"parent":0,"menu_order":0,"comment_status":"closed","ping_status":"closed","template":"","meta":{"footnotes":""},"class_list":["post-7102","page","type-page","status-publish","hentry"],"yoast_head":"<!-- This site is optimized with the Yoast SEO plugin v25.3.1 - https:\/\/yoast.com\/wordpress\/plugins\/seo\/ -->\n<title>Hotel Villa Cristina | 3-Sterne-Hotel *** Spoleto | Umbrien<\/title>\n<meta name=\"description\" content=\"Das Hotel Villa Cristina *** in Spoleto liegt einen Kilometer vom historischen Zentrum entfernt und wurde in einem alten Landhaus aus dem 18. Jahrhundert erbaut.\" \/>\n<meta name=\"robots\" content=\"index, follow, max-snippet:-1, max-image-preview:large, max-video-preview:-1\" \/>\n<link rel=\"canonical\" href=\"https:\/\/www.albergovillacristina.com\/de\/\" \/>\n<meta property=\"og:locale\" content=\"de_DE\" \/>\n<meta property=\"og:type\" content=\"article\" \/>\n<meta property=\"og:title\" content=\"Hotel Villa Cristina | 3-Sterne-Hotel *** Spoleto | Umbrien\" \/>\n<meta property=\"og:description\" content=\"Das Hotel Villa Cristina *** in Spoleto liegt einen Kilometer vom historischen Zentrum entfernt und wurde in einem alten Landhaus aus dem 18. Jahrhundert erbaut.\" \/>\n<meta property=\"og:url\" content=\"https:\/\/www.albergovillacristina.com\/de\/\" \/>\n<meta property=\"og:site_name\" content=\"Albergo Villa Cristina\" \/>\n<meta property=\"article:publisher\" content=\"https:\/\/www.facebook.com\/AlbergoVillaCristinaSpoleto\" \/>\n<meta property=\"article:modified_time\" content=\"2025-10-24T15:08:58+00:00\" \/>\n<meta name=\"twitter:card\" content=\"summary_large_image\" \/>\n<meta name=\"twitter:label1\" content=\"Gesch\u00e4tzte Lesezeit\" \/>\n\t<meta name=\"twitter:data1\" content=\"1\u00a0Minute\" \/>\n<script type=\"application\/ld+json\" class=\"yoast-schema-graph\">{\"@context\":\"https:\/\/schema.org\",\"@graph\":[{\"@type\":\"WebPage\",\"@id\":\"https:\/\/www.albergovillacristina.com\/de\/\",\"url\":\"https:\/\/www.albergovillacristina.com\/de\/\",\"name\":\"Hotel Villa Cristina | 3-Sterne-Hotel *** Spoleto | Umbrien\",\"isPartOf\":{\"@id\":\"https:\/\/www.albergovillacristina.com\/de\/#website\"},\"datePublished\":\"2024-08-06T16:27:20+00:00\",\"dateModified\":\"2025-10-24T15:08:58+00:00\",\"description\":\"Das Hotel Villa Cristina *** in Spoleto liegt einen Kilometer vom historischen Zentrum entfernt und wurde in einem alten Landhaus aus dem 18. Jahrhundert erbaut.\",\"breadcrumb\":{\"@id\":\"https:\/\/www.albergovillacristina.com\/de\/#breadcrumb\"},\"inLanguage\":\"de\",\"potentialAction\":[{\"@type\":\"ReadAction\",\"target\":[\"https:\/\/www.albergovillacristina.com\/de\/\"]}]},{\"@type\":\"BreadcrumbList\",\"@id\":\"https:\/\/www.albergovillacristina.com\/de\/#breadcrumb\",\"itemListElement\":[{\"@type\":\"ListItem\",\"position\":1,\"name\":\"Home\",\"item\":\"https:\/\/www.albergovillacristina.com\/de\/\"},{\"@type\":\"ListItem\",\"position\":2,\"name\":\"Home\"}]},{\"@type\":\"WebSite\",\"@id\":\"https:\/\/www.albergovillacristina.com\/de\/#website\",\"url\":\"https:\/\/www.albergovillacristina.com\/de\/\",\"name\":\"Albergo Villa Cristina\",\"description\":\"\",\"publisher\":{\"@id\":\"https:\/\/www.albergovillacristina.com\/de\/#organization\"},\"potentialAction\":[{\"@type\":\"SearchAction\",\"target\":{\"@type\":\"EntryPoint\",\"urlTemplate\":\"https:\/\/www.albergovillacristina.com\/de\/?s={search_term_string}\"},\"query-input\":{\"@type\":\"PropertyValueSpecification\",\"valueRequired\":true,\"valueName\":\"search_term_string\"}}],\"inLanguage\":\"de\"},{\"@type\":\"Organization\",\"@id\":\"https:\/\/www.albergovillacristina.com\/de\/#organization\",\"name\":\"Albergo Villa Cristina\",\"url\":\"https:\/\/www.albergovillacristina.com\/de\/\",\"logo\":{\"@type\":\"ImageObject\",\"inLanguage\":\"de\",\"@id\":\"https:\/\/www.albergovillacristina.com\/de\/#\/schema\/logo\/image\/\",\"url\":\"https:\/\/www.albergovillacristina.com\/wp-content\/uploads\/2024\/08\/Albergo-Villa-Cristina_w.png\",\"contentUrl\":\"https:\/\/www.albergovillacristina.com\/wp-content\/uploads\/2024\/08\/Albergo-Villa-Cristina_w.png\",\"width\":1198,\"height\":476,\"caption\":\"Albergo Villa Cristina\"},\"image\":{\"@id\":\"https:\/\/www.albergovillacristina.com\/de\/#\/schema\/logo\/image\/\"},\"sameAs\":[\"https:\/\/www.facebook.com\/AlbergoVillaCristinaSpoleto\",\"https:\/\/www.instagram.com\/albergo_villa_cristina\/\"]}]}<\/script>\n<!-- \/ Yoast SEO plugin. -->","yoast_head_json":{"title":"Hotel Villa Cristina | 3-Sterne-Hotel *** Spoleto | Umbrien","description":"Das Hotel Villa Cristina *** in Spoleto liegt einen Kilometer vom historischen Zentrum entfernt und wurde in einem alten Landhaus aus dem 18. Jahrhundert erbaut.","robots":{"index":"index","follow":"follow","max-snippet":"max-snippet:-1","max-image-preview":"max-image-preview:large","max-video-preview":"max-video-preview:-1"},"canonical":"https:\/\/www.albergovillacristina.com\/de\/","og_locale":"de_DE","og_type":"article","og_title":"Hotel Villa Cristina | 3-Sterne-Hotel *** Spoleto | Umbrien","og_description":"Das Hotel Villa Cristina *** in Spoleto liegt einen Kilometer vom historischen Zentrum entfernt und wurde in einem alten Landhaus aus dem 18. Jahrhundert erbaut.","og_url":"https:\/\/www.albergovillacristina.com\/de\/","og_site_name":"Albergo Villa Cristina","article_publisher":"https:\/\/www.facebook.com\/AlbergoVillaCristinaSpoleto","article_modified_time":"2025-10-24T15:08:58+00:00","twitter_card":"summary_large_image","twitter_misc":{"Gesch\u00e4tzte Lesezeit":"1\u00a0Minute"},"schema":{"@context":"https:\/\/schema.org","@graph":[{"@type":"WebPage","@id":"https:\/\/www.albergovillacristina.com\/de\/","url":"https:\/\/www.albergovillacristina.com\/de\/","name":"Hotel Villa Cristina | 3-Sterne-Hotel *** Spoleto | Umbrien","isPartOf":{"@id":"https:\/\/www.albergovillacristina.com\/de\/#website"},"datePublished":"2024-08-06T16:27:20+00:00","dateModified":"2025-10-24T15:08:58+00:00","description":"Das Hotel Villa Cristina *** in Spoleto liegt einen Kilometer vom historischen Zentrum entfernt und wurde in einem alten Landhaus aus dem 18. Jahrhundert erbaut.","breadcrumb":{"@id":"https:\/\/www.albergovillacristina.com\/de\/#breadcrumb"},"inLanguage":"de","potentialAction":[{"@type":"ReadAction","target":["https:\/\/www.albergovillacristina.com\/de\/"]}]},{"@type":"BreadcrumbList","@id":"https:\/\/www.albergovillacristina.com\/de\/#breadcrumb","itemListElement":[{"@type":"ListItem","position":1,"name":"Home","item":"https:\/\/www.albergovillacristina.com\/de\/"},{"@type":"ListItem","position":2,"name":"Home"}]},{"@type":"WebSite","@id":"https:\/\/www.albergovillacristina.com\/de\/#website","url":"https:\/\/www.albergovillacristina.com\/de\/","name":"Albergo Villa Cristina","description":"","publisher":{"@id":"https:\/\/www.albergovillacristina.com\/de\/#organization"},"potentialAction":[{"@type":"SearchAction","target":{"@type":"EntryPoint","urlTemplate":"https:\/\/www.albergovillacristina.com\/de\/?s={search_term_string}"},"query-input":{"@type":"PropertyValueSpecification","valueRequired":true,"valueName":"search_term_string"}}],"inLanguage":"de"},{"@type":"Organization","@id":"https:\/\/www.albergovillacristina.com\/de\/#organization","name":"Albergo Villa Cristina","url":"https:\/\/www.albergovillacristina.com\/de\/","logo":{"@type":"ImageObject","inLanguage":"de","@id":"https:\/\/www.albergovillacristina.com\/de\/#\/schema\/logo\/image\/","url":"https:\/\/www.albergovillacristina.com\/wp-content\/uploads\/2024\/08\/Albergo-Villa-Cristina_w.png","contentUrl":"https:\/\/www.albergovillacristina.com\/wp-content\/uploads\/2024\/08\/Albergo-Villa-Cristina_w.png","width":1198,"height":476,"caption":"Albergo Villa Cristina"},"image":{"@id":"https:\/\/www.albergovillacristina.com\/de\/#\/schema\/logo\/image\/"},"sameAs":["https:\/\/www.facebook.com\/AlbergoVillaCristinaSpoleto","https:\/\/www.instagram.com\/albergo_villa_cristina\/"]}]}},"_links":{"self":[{"href":"https:\/\/www.albergovillacristina.com\/de\/wp-json\/wp\/v2\/pages\/7102","targetHints":{"allow":["GET"]}}],"collection":[{"href":"https:\/\/www.albergovillacristina.com\/de\/wp-json\/wp\/v2\/pages"}],"about":[{"href":"https:\/\/www.albergovillacristina.com\/de\/wp-json\/wp\/v2\/types\/page"}],"author":[{"embeddable":true,"href":"https:\/\/www.albergovillacristina.com\/de\/wp-json\/wp\/v2\/users\/1"}],"replies":[{"embeddable":true,"href":"https:\/\/www.albergovillacristina.com\/de\/wp-json\/wp\/v2\/comments?post=7102"}],"version-history":[{"count":0,"href":"https:\/\/www.albergovillacristina.com\/de\/wp-json\/wp\/v2\/pages\/7102\/revisions"}],"wp:attachment":[{"href":"https:\/\/www.albergovillacristina.com\/de\/wp-json\/wp\/v2\/media?parent=7102"}],"curies":[{"name":"wp","href":"https:\/\/api.w.org\/{rel}","templated":true}]}}